{"id":17,"date":"2023-01-17T01:42:12","date_gmt":"2023-01-17T00:42:12","guid":{"rendered":"https:\/\/galerie-etcetera.fr\/festival\/?page_id=17"},"modified":"2023-07-13T20:37:36","modified_gmt":"2023-07-13T18:37:36","slug":"mentions-legales","status":"publish","type":"page","link":"https:\/\/galerie-etcetera.fr\/festival\/artsenvies\/mentions-legales\/","title":{"rendered":"Mentions l\u00e9gales"},"content":{"rendered":"[et_pb_section admin_label=\u00a0\u00bbsection\u00a0\u00bb]\n\t\t\t[et_pb_row admin_label=\u00a0\u00bbrow\u00a0\u00bb]\n\t\t\t\t[et_pb_column type=\u00a0\u00bb4_4&Prime;][et_pb_text admin_label=\u00a0\u00bbText\u00a0\u00bb]\n<p><strong>\u00c9DITEUR<\/strong><\/p>\n\n\n\n<p>Ce site internet est \u00e9dit\u00e9 par la&nbsp;<strong>galerie Etcetera&nbsp;<\/strong><\/p>\n\n\n\n<p>Num\u00e9ro de Siren :<\/p>\n\n\n\n<p>T\u00e9l\u00e9phone : 06 04 15 49 99<\/p>\n\n\n\n<p>Directrice de publication : C\u00e9line Mauconduit&nbsp;<\/p>\n\n\n\n<p><strong>H\u00c9BERGEUR<\/strong><\/p>\n\n\n\n<p>Ce site internet est h\u00e9berg\u00e9 par OVH&nbsp;<a href=\"https:\/\/www.ovh.com\/\" target=\"_blank\" rel=\"noreferrer noopener\">H\u00e9bergement OVH<\/a>.<\/p>\n\n\n\n<p><strong>CONDITIONS D\u2019UTILISATION<\/strong><\/p>\n\n\n\n<p>L\u2019utilisation de ce site Internet vaut acceptation des conditions mentionn\u00e9es ci-apr\u00e8s. La galerie d\u2019arts et cetera se r\u00e9serve le droit d\u2019engager des poursuites judiciaires en cas de violation de ces conditions d\u2019utilisation, notamment en cas de non-respect, d\u2019utilisation ou de violation des droits li\u00e9s \u00e0 l\u2019ensemble du contenu du site.<\/p>\n\n\n\n<p><strong>DROITS D\u2019AUTEUR<\/strong><\/p>\n\n\n\n<p>En application du Code fran\u00e7ais de la propri\u00e9t\u00e9 intellectuelle et plus g\u00e9n\u00e9ralement des trait\u00e9s et accords internationaux comportant des dispositions relatives \u00e0 la protection des droits d\u2019auteurs, il est interdit pour un usage autre que priv\u00e9 ou p\u00e9dagogique de reproduire, vendre, diffuser, modifier, publier int\u00e9gralement ou partiellement, sous quelque forme que ce soit les donn\u00e9es, la pr\u00e9sentation ou l\u2019organisation du site ainsi que les \u0153uvres prot\u00e9g\u00e9es par les droits d\u2019auteur qui y figurent, sans autorisation \u00e9crite particuli\u00e8re et pr\u00e9alable, dont la demande doit \u00eatre adress\u00e9e \u00e0 madame C\u00e9line Mauconduit&nbsp;.<\/p>\n\n\n\n<p><strong>PROTECTION DES DONN\u00c9ES PERSONNELLES<\/strong><\/p>\n\n\n\n<p>Vous pouvez \u00eatre amen\u00e9(e) \u00e0 communiquer des informations personnelles notamment lors de l\u2019utilisation de ce site internet. Les informations que vous transmettez sont \u00e0 usage exclusif de la&nbsp;<strong>galerie Etcetera<\/strong>&nbsp;et ne seront en aucun cas transmises \u00e0 des tiers. Conform\u00e9ment \u00e0 la loi informatique et libert\u00e9s du 6 janvier 1978, vous disposez d\u2019un droit d\u2019acc\u00e8s, de suppression et de rectification aux donn\u00e9es personnelles vous concernant. Pour exercer ce droit, adressez-vous \u00e0 madame C\u00e9line Mauconduit. Nous vous informons que la confidentialit\u00e9 des correspondances transmises par le r\u00e9seau Internet n\u2019est pas garantie.<\/p>\n\n\n\n<p><strong>LES COOKIES<\/strong><\/p>\n\n\n\n<p>Ce site internet utilise les cookies afin d\u2019am\u00e9liorer l\u2019exp\u00e9rience utilisateur et fournir les services et fonctionnalit\u00e9s propos\u00e9s sur celui-ci.<\/p>\n\n\n\n<p>Un cookie est une information d\u00e9pos\u00e9e sur votre disque dur par le serveur du site que vous visitez. Ils ont notamment pour but de collecter des informations relatives \u00e0 votre navigation sur les sites et de vous adresser des services personnalis\u00e9s.<\/p>\n\n\n\n<p>Comment refuser les cookies ?<\/p>\n\n\n\n<p>Vous pouvez \u00e0 tout moment choisir de d\u00e9sactiver ces cookies dans les param\u00e8tres de votre navigateur. Vous pouvez accepter ou refuser les cookies au cas par cas ou bien les refuser syst\u00e9matiquement une fois pour toutes.<\/p>\n\n\n\n<p><strong>CR\u00c9DITS<\/strong><\/p>\n\n\n\n<p>Ce site internet a \u00e9t\u00e9 con\u00e7u par&nbsp;<a rel=\"noreferrer noopener\" href=\"http:\/\/www.sabdesigner.com\/\" target=\"_blank\">SabDesigner, www.sabdesigner.com.<\/a><\/p>\n[\/et_pb_text][\/et_pb_column]\n\t\t\t[\/et_pb_row]\n\t\t[\/et_pb_section]","protected":false},"excerpt":{"rendered":"<p>\u00c9DITEUR Ce site internet est \u00e9dit\u00e9 par la&nbsp;galerie Etcetera&nbsp; Num\u00e9ro de Siren : T\u00e9l\u00e9phone : 06 04 15 49 99 Directrice de publication : C\u00e9line Mauconduit&nbsp; H\u00c9BERGEUR Ce site internet est h\u00e9berg\u00e9 par OVH&nbsp;H\u00e9bergement OVH. CONDITIONS D\u2019UTILISATION L\u2019utilisation de ce site Internet vaut acceptation des conditions mentionn\u00e9es ci-apr\u00e8s. La galerie d\u2019arts et cetera se r\u00e9serve [&hellip;]<\/p>\n","protected":false},"author":1,"featured_media":0,"parent":2,"menu_order":0,"comment_status":"closed","ping_status":"closed","template":"","meta":{"_et_pb_use_builder":"on","_et_pb_old_content":"<!-- wp:paragraph -->\n<p><strong>\u00c9DITEUR<\/strong><\/p>\n<!-- \/wp:paragraph -->\n\n<!-- wp:paragraph -->\n<p>Ce site internet est \u00e9dit\u00e9 par la&nbsp;<strong>galerie Etcetera&nbsp;<\/strong><\/p>\n<!-- \/wp:paragraph -->\n\n<!-- wp:paragraph -->\n<p>Num\u00e9ro de Siren :<\/p>\n<!-- \/wp:paragraph -->\n\n<!-- wp:paragraph -->\n<p>T\u00e9l\u00e9phone : 06 04 15 49 99<\/p>\n<!-- \/wp:paragraph -->\n\n<!-- wp:paragraph -->\n<p>Directrice de publication : C\u00e9line Mauconduit&nbsp;<\/p>\n<!-- \/wp:paragraph -->\n\n<!-- wp:paragraph -->\n<p><strong>H\u00c9BERGEUR<\/strong><\/p>\n<!-- \/wp:paragraph -->\n\n<!-- wp:paragraph -->\n<p>Ce site internet est h\u00e9berg\u00e9 par OVH&nbsp;<a href=\"https:\/\/www.ovh.com\/\" target=\"_blank\" rel=\"noreferrer noopener\">H\u00e9bergement OVH<\/a>.<\/p>\n<!-- \/wp:paragraph -->\n\n<!-- wp:paragraph -->\n<p><strong>CONDITIONS D\u2019UTILISATION<\/strong><\/p>\n<!-- \/wp:paragraph -->\n\n<!-- wp:paragraph -->\n<p>L\u2019utilisation de ce site Internet vaut acceptation des conditions mentionn\u00e9es ci-apr\u00e8s. La galerie d\u2019arts et cetera se r\u00e9serve le droit d\u2019engager des poursuites judiciaires en cas de violation de ces conditions d\u2019utilisation, notamment en cas de non-respect, d\u2019utilisation ou de violation des droits li\u00e9s \u00e0 l\u2019ensemble du contenu du site.<\/p>\n<!-- \/wp:paragraph -->\n\n<!-- wp:paragraph -->\n<p><strong>DROITS D\u2019AUTEUR<\/strong><\/p>\n<!-- \/wp:paragraph -->\n\n<!-- wp:paragraph -->\n<p>En application du Code fran\u00e7ais de la propri\u00e9t\u00e9 intellectuelle et plus g\u00e9n\u00e9ralement des trait\u00e9s et accords internationaux comportant des dispositions relatives \u00e0 la protection des droits d\u2019auteurs, il est interdit pour un usage autre que priv\u00e9 ou p\u00e9dagogique de reproduire, vendre, diffuser, modifier, publier int\u00e9gralement ou partiellement, sous quelque forme que ce soit les donn\u00e9es, la pr\u00e9sentation ou l\u2019organisation du site ainsi que les \u0153uvres prot\u00e9g\u00e9es par les droits d\u2019auteur qui y figurent, sans autorisation \u00e9crite particuli\u00e8re et pr\u00e9alable, dont la demande doit \u00eatre adress\u00e9e \u00e0 madame C\u00e9line Mauconduit&nbsp;.<\/p>\n<!-- \/wp:paragraph -->\n\n<!-- wp:paragraph -->\n<p><strong>PROTECTION DES DONN\u00c9ES PERSONNELLES<\/strong><\/p>\n<!-- \/wp:paragraph -->\n\n<!-- wp:paragraph -->\n<p>Vous pouvez \u00eatre amen\u00e9(e) \u00e0 communiquer des informations personnelles notamment lors de l\u2019utilisation de ce site internet. Les informations que vous transmettez sont \u00e0 usage exclusif de la&nbsp;<strong>galerie Etcetera<\/strong>&nbsp;et ne seront en aucun cas transmises \u00e0 des tiers. Conform\u00e9ment \u00e0 la loi informatique et libert\u00e9s du 6 janvier 1978, vous disposez d\u2019un droit d\u2019acc\u00e8s, de suppression et de rectification aux donn\u00e9es personnelles vous concernant. Pour exercer ce droit, adressez-vous \u00e0 madame C\u00e9line Mauconduit. Nous vous informons que la confidentialit\u00e9 des correspondances transmises par le r\u00e9seau Internet n\u2019est pas garantie.<\/p>\n<!-- \/wp:paragraph -->\n\n<!-- wp:paragraph -->\n<p><strong>LES COOKIES<\/strong><\/p>\n<!-- \/wp:paragraph -->\n\n<!-- wp:paragraph -->\n<p>Ce site internet utilise les cookies afin d\u2019am\u00e9liorer l\u2019exp\u00e9rience utilisateur et fournir les services et fonctionnalit\u00e9s propos\u00e9s sur celui-ci.<\/p>\n<!-- \/wp:paragraph -->\n\n<!-- wp:paragraph -->\n<p>Un cookie est une information d\u00e9pos\u00e9e sur votre disque dur par le serveur du site que vous visitez. Ils ont notamment pour but de collecter des informations relatives \u00e0 votre navigation sur les sites et de vous adresser des services personnalis\u00e9s.<\/p>\n<!-- \/wp:paragraph -->\n\n<!-- wp:paragraph -->\n<p>Comment refuser les cookies ?<\/p>\n<!-- \/wp:paragraph -->\n\n<!-- wp:paragraph -->\n<p>Vous pouvez \u00e0 tout moment choisir de d\u00e9sactiver ces cookies dans les param\u00e8tres de votre navigateur. Vous pouvez accepter ou refuser les cookies au cas par cas ou bien les refuser syst\u00e9matiquement une fois pour toutes.<\/p>\n<!-- \/wp:paragraph -->\n\n<!-- wp:paragraph -->\n<p><strong>CR\u00c9DITS<\/strong><\/p>\n<!-- \/wp:paragraph -->\n\n<!-- wp:paragraph -->\n<p>Ce site internet a \u00e9t\u00e9 con\u00e7u par&nbsp;<a rel=\"noreferrer noopener\" href=\"http:\/\/www.sabdesigner.com\/\" target=\"_blank\">SabDesigner, www.sabdesigner.com.<\/a><\/p>\n<!-- \/wp:paragraph -->","_et_gb_content_width":"","inline_featured_image":false,"footnotes":""},"yoast_head":"<!-- This site is optimized with the Yoast SEO plugin v21.3 - https:\/\/yoast.com\/wordpress\/plugins\/seo\/ -->\n<title>Mentions l\u00e9gales | Festival Arts en Vies |\u00a0Eug\u00e9nie-les-Bains, Nouvelle-Aquitaine, Landes<\/title>\n<meta name=\"robots\" content=\"noindex, follow\" \/>\n<meta property=\"og:locale\" content=\"fr_FR\" \/>\n<meta property=\"og:type\" content=\"article\" \/>\n<meta property=\"og:title\" content=\"Mentions l\u00e9gales | Festival Arts en Vies |\u00a0Eug\u00e9nie-les-Bains, Nouvelle-Aquitaine, Landes\" \/>\n<meta property=\"og:description\" content=\"\u00c9DITEUR Ce site internet est \u00e9dit\u00e9 par la&nbsp;galerie Etcetera&nbsp; Num\u00e9ro de Siren : T\u00e9l\u00e9phone : 06 04 15 49 99 Directrice de publication : C\u00e9line Mauconduit&nbsp; H\u00c9BERGEUR Ce site internet est h\u00e9berg\u00e9 par OVH&nbsp;H\u00e9bergement OVH. CONDITIONS D\u2019UTILISATION L\u2019utilisation de ce site Internet vaut acceptation des conditions mentionn\u00e9es ci-apr\u00e8s. La galerie d\u2019arts et cetera se r\u00e9serve [&hellip;]\" \/>\n<meta property=\"og:url\" content=\"https:\/\/galerie-etcetera.fr\/festival\/artsenvies\/mentions-legales\/\" \/>\n<meta property=\"og:site_name\" content=\"Festival Arts en Vies |\u00a0Eug\u00e9nie-les-Bains, Nouvelle-Aquitaine, Landes\" \/>\n<meta property=\"article:publisher\" content=\"https:\/\/www.facebook.com\/artsenvies40\/\" \/>\n<meta property=\"article:modified_time\" content=\"2023-07-13T18:37:36+00:00\" \/>\n<meta property=\"og:image\" content=\"https:\/\/galerie-etcetera.fr\/festival\/wp-content\/uploads\/2023\/03\/cropped-ARTSENVIES_LOGO-C51D34_Plan-de-travail-1.png\" \/>\n\t<meta property=\"og:image:width\" content=\"512\" \/>\n\t<meta property=\"og:image:height\" content=\"512\" \/>\n\t<meta property=\"og:image:type\" content=\"image\/png\" \/>\n<meta name=\"twitter:card\" content=\"summary_large_image\" \/>\n<meta name=\"twitter:label1\" content=\"Dur\u00e9e de lecture estim\u00e9e\" \/>\n\t<meta name=\"twitter:data1\" content=\"2 minutes\" \/>\n<script type=\"application\/ld+json\" class=\"yoast-schema-graph\">{\"@context\":\"https:\/\/schema.org\",\"@graph\":[{\"@type\":\"WebPage\",\"@id\":\"https:\/\/galerie-etcetera.fr\/festival\/artsenvies\/mentions-legales\/\",\"url\":\"https:\/\/galerie-etcetera.fr\/festival\/artsenvies\/mentions-legales\/\",\"name\":\"Mentions l\u00e9gales | Festival Arts en Vies |\u00a0Eug\u00e9nie-les-Bains, Nouvelle-Aquitaine, Landes\",\"isPartOf\":{\"@id\":\"https:\/\/galerie-etcetera.fr\/festival\/#website\"},\"datePublished\":\"2023-01-17T00:42:12+00:00\",\"dateModified\":\"2023-07-13T18:37:36+00:00\",\"breadcrumb\":{\"@id\":\"https:\/\/galerie-etcetera.fr\/festival\/artsenvies\/mentions-legales\/#breadcrumb\"},\"inLanguage\":\"fr-FR\",\"potentialAction\":[{\"@type\":\"ReadAction\",\"target\":[\"https:\/\/galerie-etcetera.fr\/festival\/artsenvies\/mentions-legales\/\"]}]},{\"@type\":\"BreadcrumbList\",\"@id\":\"https:\/\/galerie-etcetera.fr\/festival\/artsenvies\/mentions-legales\/#breadcrumb\",\"itemListElement\":[{\"@type\":\"ListItem\",\"position\":1,\"name\":\"Accueil\",\"item\":\"https:\/\/galerie-etcetera.fr\/festival\/\"},{\"@type\":\"ListItem\",\"position\":2,\"name\":\"Festival Arts en vies\",\"item\":\"https:\/\/galerie-etcetera.fr\/festival\/\"},{\"@type\":\"ListItem\",\"position\":3,\"name\":\"Mentions l\u00e9gales\"}]},{\"@type\":\"WebSite\",\"@id\":\"https:\/\/galerie-etcetera.fr\/festival\/#website\",\"url\":\"https:\/\/galerie-etcetera.fr\/festival\/\",\"name\":\"Festival Arts en Vies |\u00a0Eug\u00e9nie-les-Bains\",\"description\":\"Eug\u00e9nie-les-Bains\",\"publisher\":{\"@id\":\"https:\/\/galerie-etcetera.fr\/festival\/#organization\"},\"alternateName\":\"Festival Arts en Vies\",\"potentialAction\":[{\"@type\":\"SearchAction\",\"target\":{\"@type\":\"EntryPoint\",\"urlTemplate\":\"https:\/\/galerie-etcetera.fr\/festival\/?s={search_term_string}\"},\"query-input\":\"required name=search_term_string\"}],\"inLanguage\":\"fr-FR\"},{\"@type\":\"Organization\",\"@id\":\"https:\/\/galerie-etcetera.fr\/festival\/#organization\",\"name\":\"Festival Arts en Vies |\u00a0Eug\u00e9nie-les-Bains\",\"alternateName\":\"Arts en Vies\",\"url\":\"https:\/\/galerie-etcetera.fr\/festival\/\",\"logo\":{\"@type\":\"ImageObject\",\"inLanguage\":\"fr-FR\",\"@id\":\"https:\/\/galerie-etcetera.fr\/festival\/#\/schema\/logo\/image\/\",\"url\":\"https:\/\/galerie-etcetera.fr\/festival\/wp-content\/uploads\/2023\/03\/cropped-ARTSENVIES_LOGO-C51D34_Plan-de-travail-1.png\",\"contentUrl\":\"https:\/\/galerie-etcetera.fr\/festival\/wp-content\/uploads\/2023\/03\/cropped-ARTSENVIES_LOGO-C51D34_Plan-de-travail-1.png\",\"width\":512,\"height\":512,\"caption\":\"Festival Arts en Vies |\u00a0Eug\u00e9nie-les-Bains\"},\"image\":{\"@id\":\"https:\/\/galerie-etcetera.fr\/festival\/#\/schema\/logo\/image\/\"},\"sameAs\":[\"https:\/\/www.facebook.com\/artsenvies40\/\",\"https:\/\/www.instagram.com\/artsenvies40\"]}]}<\/script>\n<!-- \/ Yoast SEO plugin. -->","yoast_head_json":{"title":"Mentions l\u00e9gales | Festival Arts en Vies |\u00a0Eug\u00e9nie-les-Bains, Nouvelle-Aquitaine, Landes","robots":{"index":"noindex","follow":"follow"},"og_locale":"fr_FR","og_type":"article","og_title":"Mentions l\u00e9gales | Festival Arts en Vies |\u00a0Eug\u00e9nie-les-Bains, Nouvelle-Aquitaine, Landes","og_description":"\u00c9DITEUR Ce site internet est \u00e9dit\u00e9 par la&nbsp;galerie Etcetera&nbsp; Num\u00e9ro de Siren : T\u00e9l\u00e9phone : 06 04 15 49 99 Directrice de publication : C\u00e9line Mauconduit&nbsp; H\u00c9BERGEUR Ce site internet est h\u00e9berg\u00e9 par OVH&nbsp;H\u00e9bergement OVH. CONDITIONS D\u2019UTILISATION L\u2019utilisation de ce site Internet vaut acceptation des conditions mentionn\u00e9es ci-apr\u00e8s. La galerie d\u2019arts et cetera se r\u00e9serve [&hellip;]","og_url":"https:\/\/galerie-etcetera.fr\/festival\/artsenvies\/mentions-legales\/","og_site_name":"Festival Arts en Vies |\u00a0Eug\u00e9nie-les-Bains, Nouvelle-Aquitaine, Landes","article_publisher":"https:\/\/www.facebook.com\/artsenvies40\/","article_modified_time":"2023-07-13T18:37:36+00:00","og_image":[{"width":512,"height":512,"url":"https:\/\/galerie-etcetera.fr\/festival\/wp-content\/uploads\/2023\/03\/cropped-ARTSENVIES_LOGO-C51D34_Plan-de-travail-1.png","type":"image\/png"}],"twitter_card":"summary_large_image","twitter_misc":{"Dur\u00e9e de lecture estim\u00e9e":"2 minutes"},"schema":{"@context":"https:\/\/schema.org","@graph":[{"@type":"WebPage","@id":"https:\/\/galerie-etcetera.fr\/festival\/artsenvies\/mentions-legales\/","url":"https:\/\/galerie-etcetera.fr\/festival\/artsenvies\/mentions-legales\/","name":"Mentions l\u00e9gales | Festival Arts en Vies |\u00a0Eug\u00e9nie-les-Bains, Nouvelle-Aquitaine, Landes","isPartOf":{"@id":"https:\/\/galerie-etcetera.fr\/festival\/#website"},"datePublished":"2023-01-17T00:42:12+00:00","dateModified":"2023-07-13T18:37:36+00:00","breadcrumb":{"@id":"https:\/\/galerie-etcetera.fr\/festival\/artsenvies\/mentions-legales\/#breadcrumb"},"inLanguage":"fr-FR","potentialAction":[{"@type":"ReadAction","target":["https:\/\/galerie-etcetera.fr\/festival\/artsenvies\/mentions-legales\/"]}]},{"@type":"BreadcrumbList","@id":"https:\/\/galerie-etcetera.fr\/festival\/artsenvies\/mentions-legales\/#breadcrumb","itemListElement":[{"@type":"ListItem","position":1,"name":"Accueil","item":"https:\/\/galerie-etcetera.fr\/festival\/"},{"@type":"ListItem","position":2,"name":"Festival Arts en vies","item":"https:\/\/galerie-etcetera.fr\/festival\/"},{"@type":"ListItem","position":3,"name":"Mentions l\u00e9gales"}]},{"@type":"WebSite","@id":"https:\/\/galerie-etcetera.fr\/festival\/#website","url":"https:\/\/galerie-etcetera.fr\/festival\/","name":"Festival Arts en Vies |\u00a0Eug\u00e9nie-les-Bains","description":"Eug\u00e9nie-les-Bains","publisher":{"@id":"https:\/\/galerie-etcetera.fr\/festival\/#organization"},"alternateName":"Festival Arts en Vies","potentialAction":[{"@type":"SearchAction","target":{"@type":"EntryPoint","urlTemplate":"https:\/\/galerie-etcetera.fr\/festival\/?s={search_term_string}"},"query-input":"required name=search_term_string"}],"inLanguage":"fr-FR"},{"@type":"Organization","@id":"https:\/\/galerie-etcetera.fr\/festival\/#organization","name":"Festival Arts en Vies |\u00a0Eug\u00e9nie-les-Bains","alternateName":"Arts en Vies","url":"https:\/\/galerie-etcetera.fr\/festival\/","logo":{"@type":"ImageObject","inLanguage":"fr-FR","@id":"https:\/\/galerie-etcetera.fr\/festival\/#\/schema\/logo\/image\/","url":"https:\/\/galerie-etcetera.fr\/festival\/wp-content\/uploads\/2023\/03\/cropped-ARTSENVIES_LOGO-C51D34_Plan-de-travail-1.png","contentUrl":"https:\/\/galerie-etcetera.fr\/festival\/wp-content\/uploads\/2023\/03\/cropped-ARTSENVIES_LOGO-C51D34_Plan-de-travail-1.png","width":512,"height":512,"caption":"Festival Arts en Vies |\u00a0Eug\u00e9nie-les-Bains"},"image":{"@id":"https:\/\/galerie-etcetera.fr\/festival\/#\/schema\/logo\/image\/"},"sameAs":["https:\/\/www.facebook.com\/artsenvies40\/","https:\/\/www.instagram.com\/artsenvies40"]}]}},"_links":{"self":[{"href":"https:\/\/galerie-etcetera.fr\/festival\/wp-json\/wp\/v2\/pages\/17"}],"collection":[{"href":"https:\/\/galerie-etcetera.fr\/festival\/wp-json\/wp\/v2\/pages"}],"about":[{"href":"https:\/\/galerie-etcetera.fr\/festival\/wp-json\/wp\/v2\/types\/page"}],"author":[{"embeddable":true,"href":"https:\/\/galerie-etcetera.fr\/festival\/wp-json\/wp\/v2\/users\/1"}],"replies":[{"embeddable":true,"href":"https:\/\/galerie-etcetera.fr\/festival\/wp-json\/wp\/v2\/comments?post=17"}],"version-history":[{"count":3,"href":"https:\/\/galerie-etcetera.fr\/festival\/wp-json\/wp\/v2\/pages\/17\/revisions"}],"predecessor-version":[{"id":399,"href":"https:\/\/galerie-etcetera.fr\/festival\/wp-json\/wp\/v2\/pages\/17\/revisions\/399"}],"up":[{"embeddable":true,"href":"https:\/\/galerie-etcetera.fr\/festival\/wp-json\/wp\/v2\/pages\/2"}],"wp:attachment":[{"href":"https:\/\/galerie-etcetera.fr\/festival\/wp-json\/wp\/v2\/media?parent=17"}],"curies":[{"name":"wp","href":"https:\/\/api.w.org\/{rel}","templated":true}]}}